{"id":112,"date":"2025-06-04T16:16:33","date_gmt":"2025-06-04T14:16:33","guid":{"rendered":"https:\/\/lepoussinmasque.bzh\/?page_id=112"},"modified":"2025-09-06T12:03:08","modified_gmt":"2025-09-06T10:03:08","slug":"notre-histoire","status":"publish","type":"page","link":"https:\/\/lepoussinmasque.bzh\/index.php\/notre-histoire\/","title":{"rendered":"Notre histoire"},"content":{"rendered":"<p><img fetchpriority=\"high\" decoding=\"async\" width=\"760\" height=\"396\" src=\"http:\/\/lepoussinmasque.bzh\/wp-content\/uploads\/2025\/07\/IMG_0128-scaled-e1729239026597-760x396-c-default.jpg\" alt=\"\" srcset=\"https:\/\/lepoussinmasque.bzh\/wp-content\/uploads\/2025\/07\/IMG_0128-scaled-e1729239026597-760x396-c-default.jpg 760w, https:\/\/lepoussinmasque.bzh\/wp-content\/uploads\/2025\/07\/IMG_0128-scaled-e1729239026597-760x396-c-default-300x156.jpg 300w, https:\/\/lepoussinmasque.bzh\/wp-content\/uploads\/2025\/07\/IMG_0128-scaled-e1729239026597-760x396-c-default-600x313.jpg 600w, https:\/\/lepoussinmasque.bzh\/wp-content\/uploads\/2025\/07\/IMG_0128-scaled-e1729239026597-760x396-c-default-550x287.jpg 550w, https:\/\/lepoussinmasque.bzh\/wp-content\/uploads\/2025\/07\/IMG_0128-scaled-e1729239026597-760x396-c-default-370x193.jpg 370w, https:\/\/lepoussinmasque.bzh\/wp-content\/uploads\/2025\/07\/IMG_0128-scaled-e1729239026597-760x396-c-default-255x133.jpg 255w\" sizes=\"(max-width: 760px) 100vw, 760px\" \/>\t\t\t\t\t\t\t\t\t\t\t\t\t\t\t<\/p>\n<h2>La grande aventure du petit oeuf<\/h2>\n<p data-start=\"672\" data-end=\"1127\">Derri\u00e8re les fourneaux : David et Olivia.<\/p>\n<p data-start=\"672\" data-end=\"1127\">Apr\u00e8s un apprentissage au \u00ab\u00a0Pressoir\u00a0\u00bb \u00e0 Saint Av\u00e9, David a appris aux c\u00f4t\u00e9s d&rsquo;Alain Ducasse puis de Michel Bras o\u00f9 nous nous sommes rencontr\u00e9s, lui en p\u00e2tisserie et Olivia en cuisine, apr\u00e8s \u00eatre pass\u00e9e chez Michel Gu\u00e9rard.<br data-start=\"713\" data-end=\"716\" \/>Nous avons voyag\u00e9, notamment au Canada o\u00f9 David a continu\u00e9 de c\u00f4toyer de grands chefs comme Daniel Boulud en tant que chef p\u00e2tissier du Ritz Carlton de Montr\u00e9al.<\/p>\n<p data-start=\"672\" data-end=\"1127\">Nous avons ensuite d\u00e9cid\u00e9 de poser nos casseroles ici, \u00e0 Vannes, en 2015 avec le restaurant <strong data-start=\"919\" data-end=\"932\">Le Tandem<\/strong>.<br data-start=\"933\" data-end=\"936\" \/>En 2024, nous avons fait \u00e9clore <strong data-start=\"968\" data-end=\"989\">Le Poussin Masqu\u00e9<\/strong> : une nouvelle aventure gourmande, plus douce, pour mieux concilier travail et vie de famille\u2026\u00a0<\/p>\n","protected":false},"excerpt":{"rendered":"<p>La grande aventure du petit oeuf Derri\u00e8re les fourneaux : David et Olivia. Apr\u00e8s un apprentissage au \u00ab\u00a0Pressoir\u00a0\u00bb \u00e0 Saint Av\u00e9, David a appris aux c\u00f4t\u00e9s d&rsquo;Alain Ducasse puis de Michel Bras o\u00f9 nous nous sommes rencontr\u00e9s, lui en p\u00e2tisserie et Olivia en cuisine, apr\u00e8s \u00eatre pass\u00e9e chez Michel Gu\u00e9rard.Nous avons voyag\u00e9, notamment au Canada o\u00f9 David a continu\u00e9 de c\u00f4toyer de grands chefs comme Daniel Boulud en tant que chef p\u00e2tissier du Ritz Carlton de Montr\u00e9al. Nous avons ensuite d\u00e9cid\u00e9 de poser nos casseroles ici, \u00e0 Vannes, en 2015 avec le restaurant Le Tandem.En 2024, nous avons fait \u00e9clore Le Poussin Masqu\u00e9 : une nouvelle aventure gourmande, plus douce, pour mieux concilier travail et vie de famille\u2026\u00a0<\/p>\n","protected":false},"author":1,"featured_media":0,"parent":0,"menu_order":0,"comment_status":"closed","ping_status":"closed","template":"elementor_header_footer","meta":{"tinysalt_hide_before_page_content_ad":"","tinysalt_hide_after_page_content_ad":"","tinysalt_hide_page_header":"","tinysalt_advanced_classname":"","tinysalt_page_featured_media_position":"","tinysalt_single_site_header_source":"","tinysalt_single_custom_site_header":"0","tinysalt_single_custom_sticky_site_header":"0","tinysalt_single_custom_sticky_site_header_style":"sticky-scroll-up","tinysalt_single_site_footer_source":"","tinysalt_single_custom_site_footer":"0","footnotes":""},"class_list":["post-112","page","type-page","status-publish","hentry"],"_links":{"self":[{"href":"https:\/\/lepoussinmasque.bzh\/index.php\/wp-json\/wp\/v2\/pages\/112","targetHints":{"allow":["GET"]}}],"collection":[{"href":"https:\/\/lepoussinmasque.bzh\/index.php\/wp-json\/wp\/v2\/pages"}],"about":[{"href":"https:\/\/lepoussinmasque.bzh\/index.php\/wp-json\/wp\/v2\/types\/page"}],"author":[{"embeddable":true,"href":"https:\/\/lepoussinmasque.bzh\/index.php\/wp-json\/wp\/v2\/users\/1"}],"replies":[{"embeddable":true,"href":"https:\/\/lepoussinmasque.bzh\/index.php\/wp-json\/wp\/v2\/comments?post=112"}],"version-history":[{"count":18,"href":"https:\/\/lepoussinmasque.bzh\/index.php\/wp-json\/wp\/v2\/pages\/112\/revisions"}],"predecessor-version":[{"id":679,"href":"https:\/\/lepoussinmasque.bzh\/index.php\/wp-json\/wp\/v2\/pages\/112\/revisions\/679"}],"wp:attachment":[{"href":"https:\/\/lepoussinmasque.bzh\/index.php\/wp-json\/wp\/v2\/media?parent=112"}],"curies":[{"name":"wp","href":"https:\/\/api.w.org\/{rel}","templated":true}]}}