{"id":22,"date":"2025-06-02T21:16:06","date_gmt":"2025-06-02T19:16:06","guid":{"rendered":"http:\/\/lepoussinmasque.bzh\/?page_id=22"},"modified":"2026-04-24T10:39:48","modified_gmt":"2026-04-24T08:39:48","slug":"le-restaurant","status":"publish","type":"page","link":"https:\/\/lepoussinmasque.bzh\/index.php\/le-restaurant\/","title":{"rendered":"Le restaurant"},"content":{"rendered":"\t\t<div data-elementor-type=\"wp-page\" data-elementor-id=\"22\" class=\"elementor elementor-22\">\n\t\t\t\t<div class=\"elementor-element elementor-element-0da9afc e-flex e-con-boxed wpr-particle-no wpr-jarallax-no wpr-parallax-no wpr-sticky-section-no e-con e-parent\" data-id=\"0da9afc\" data-element_type=\"container\">\n\t\t\t\t\t<div class=\"e-con-inner\">\n\t\t\t\t<div class=\"elementor-element elementor-element-4427385 elementor-widget__width-initial elementor-widget elementor-widget-image\" data-id=\"4427385\" data-element_type=\"widget\" data-widget_type=\"image.default\">\n\t\t\t\t<div class=\"elementor-widget-container\">\n\t\t\t\t\t\t\t\t\t\t\t\t\t\t\t<img fetchpriority=\"high\" decoding=\"async\" width=\"1024\" height=\"683\" src=\"https:\/\/lepoussinmasque.bzh\/wp-content\/uploads\/2025\/07\/TAN4953-1024x683.jpg\" class=\"attachment-large size-large wp-image-240\" alt=\"\" srcset=\"https:\/\/lepoussinmasque.bzh\/wp-content\/uploads\/2025\/07\/TAN4953-1024x683.jpg 1024w, https:\/\/lepoussinmasque.bzh\/wp-content\/uploads\/2025\/07\/TAN4953-300x200.jpg 300w, https:\/\/lepoussinmasque.bzh\/wp-content\/uploads\/2025\/07\/TAN4953-768x512.jpg 768w, https:\/\/lepoussinmasque.bzh\/wp-content\/uploads\/2025\/07\/TAN4953-1536x1024.jpg 1536w, https:\/\/lepoussinmasque.bzh\/wp-content\/uploads\/2025\/07\/TAN4953-2048x1365.jpg 2048w, https:\/\/lepoussinmasque.bzh\/wp-content\/uploads\/2025\/07\/TAN4953-1920x1280.jpg 1920w, https:\/\/lepoussinmasque.bzh\/wp-content\/uploads\/2025\/07\/TAN4953-1440x960.jpg 1440w, https:\/\/lepoussinmasque.bzh\/wp-content\/uploads\/2025\/07\/TAN4953-1200x800.jpg 1200w, https:\/\/lepoussinmasque.bzh\/wp-content\/uploads\/2025\/07\/TAN4953-780x520.jpg 780w, https:\/\/lepoussinmasque.bzh\/wp-content\/uploads\/2025\/07\/TAN4953-600x400.jpg 600w, https:\/\/lepoussinmasque.bzh\/wp-content\/uploads\/2025\/07\/TAN4953-550x367.jpg 550w, https:\/\/lepoussinmasque.bzh\/wp-content\/uploads\/2025\/07\/TAN4953-370x247.jpg 370w, https:\/\/lepoussinmasque.bzh\/wp-content\/uploads\/2025\/07\/TAN4953-255x170.jpg 255w\" sizes=\"255px\" data-loftocean-lazy-load-sizes=\"(max-width: 1024px) 100vw, 1024px\" data-loftocean-loading-image=\"on\" \/>\t\t\t\t\t\t\t\t\t\t\t\t\t\t\t<\/div>\n\t\t\t\t<\/div>\n\t\t\t\t<div class=\"elementor-element elementor-element-fb57032 elementor-widget__width-initial elementor-widget elementor-widget-image\" data-id=\"fb57032\" data-element_type=\"widget\" data-widget_type=\"image.default\">\n\t\t\t\t<div class=\"elementor-widget-container\">\n\t\t\t\t\t\t\t\t\t\t\t\t\t\t\t<img decoding=\"async\" width=\"1024\" height=\"683\" src=\"https:\/\/lepoussinmasque.bzh\/wp-content\/uploads\/2025\/08\/TAN4660-1024x683.jpg\" class=\"attachment-large size-large wp-image-556\" alt=\"\" srcset=\"https:\/\/lepoussinmasque.bzh\/wp-content\/uploads\/2025\/08\/TAN4660-1024x683.jpg 1024w, https:\/\/lepoussinmasque.bzh\/wp-content\/uploads\/2025\/08\/TAN4660-300x200.jpg 300w, https:\/\/lepoussinmasque.bzh\/wp-content\/uploads\/2025\/08\/TAN4660-768x512.jpg 768w, https:\/\/lepoussinmasque.bzh\/wp-content\/uploads\/2025\/08\/TAN4660-1536x1024.jpg 1536w, https:\/\/lepoussinmasque.bzh\/wp-content\/uploads\/2025\/08\/TAN4660-2048x1365.jpg 2048w, https:\/\/lepoussinmasque.bzh\/wp-content\/uploads\/2025\/08\/TAN4660-1920x1280.jpg 1920w, https:\/\/lepoussinmasque.bzh\/wp-content\/uploads\/2025\/08\/TAN4660-1440x960.jpg 1440w, https:\/\/lepoussinmasque.bzh\/wp-content\/uploads\/2025\/08\/TAN4660-1200x800.jpg 1200w, https:\/\/lepoussinmasque.bzh\/wp-content\/uploads\/2025\/08\/TAN4660-780x520.jpg 780w, https:\/\/lepoussinmasque.bzh\/wp-content\/uploads\/2025\/08\/TAN4660-600x400.jpg 600w, https:\/\/lepoussinmasque.bzh\/wp-content\/uploads\/2025\/08\/TAN4660-550x367.jpg 550w, https:\/\/lepoussinmasque.bzh\/wp-content\/uploads\/2025\/08\/TAN4660-370x247.jpg 370w, https:\/\/lepoussinmasque.bzh\/wp-content\/uploads\/2025\/08\/TAN4660-255x170.jpg 255w\" sizes=\"255px\" data-loftocean-lazy-load-sizes=\"(max-width: 1024px) 100vw, 1024px\" data-loftocean-loading-image=\"on\" \/>\t\t\t\t\t\t\t\t\t\t\t\t\t\t\t<\/div>\n\t\t\t\t<\/div>\n\t\t\t\t\t<\/div>\n\t\t\t\t<\/div>\n\t\t<div class=\"elementor-element elementor-element-f55e213 e-flex e-con-boxed wpr-particle-no wpr-jarallax-no wpr-parallax-no wpr-sticky-section-no e-con e-parent\" data-id=\"f55e213\" data-element_type=\"container\">\n\t\t\t\t\t<div class=\"e-con-inner\">\n\t\t\t\t<div class=\"elementor-element elementor-element-caed9e7 elementor-widget elementor-widget-text-editor\" data-id=\"caed9e7\" data-element_type=\"widget\" data-widget_type=\"text-editor.default\">\n\t\t\t\t<div class=\"elementor-widget-container\">\n\t\t\t\t\t\t\t\t\t<p data-start=\"156\" data-end=\"429\"><strong data-start=\"156\" data-end=\"177\">Le Poussin Masqu\u00e9<\/strong> est un restaurant-salon de th\u00e9-p\u00e2tisserie nich\u00e9 au c\u0153ur de Vannes, au 13 rue des Halles.<br data-start=\"261\" data-end=\"264\" \/>On y cuisine du march\u00e9, du vrai, du fait maison, \u00e0 partir de produits bruts et locaux autant que possible (avec un soup\u00e7on de magie et trois miettes d\u2019imaginaire).<\/p><p data-start=\"433\" data-end=\"670\">Ouvert du jeudi au dimanche, on y sert \u00e0 manger sur place du petit-d\u00e9jeuner, jusqu\u2019\u00e0 l\u2019apr\u00e8s-midi en passant par le menu du d\u00e9jeuner ainsi que le d\u00eener le Samedi soir. Plats originaux, p\u00e2tisseries toutes fra\u00eeches, boissons joyeuses, et un brunch 2 Dimanche par mois (selon la m\u00e9t\u00e9o familiale et les vents de la ville).<\/p><p data-start=\"433\" data-end=\"670\">Les Menus du d\u00e9jeuner (27\u20ac pour entr\u00e9e+plat+dessert) et du d\u00eener (42\u20ac pour entr\u00e9e+plat+dessert) changent chaque jour en fonction de l&rsquo;inspiration de David, de la saison, des produits disponibles&#8230;)<\/p>\t\t\t\t\t\t\t\t<\/div>\n\t\t\t\t<\/div>\n\t\t\t\t\t<\/div>\n\t\t\t\t<\/div>\n\t\t<div class=\"elementor-element elementor-element-d9553cf e-flex e-con-boxed wpr-particle-no wpr-jarallax-no wpr-parallax-no wpr-sticky-section-no e-con e-parent\" data-id=\"d9553cf\" data-element_type=\"container\">\n\t\t\t\t\t<div class=\"e-con-inner\">\n\t\t\t\t<div class=\"elementor-element elementor-element-30f3e7a elementor-widget elementor-widget-image\" data-id=\"30f3e7a\" data-element_type=\"widget\" data-widget_type=\"image.default\">\n\t\t\t\t<div class=\"elementor-widget-container\">\n\t\t\t\t\t\t\t\t\t\t\t\t\t\t\t<img decoding=\"async\" width=\"724\" height=\"1024\" src=\"https:\/\/lepoussinmasque.bzh\/wp-content\/uploads\/2026\/04\/Diner1-724x1024.jpg\" class=\"attachment-large size-large wp-image-850\" alt=\"\" srcset=\"https:\/\/lepoussinmasque.bzh\/wp-content\/uploads\/2026\/04\/Diner1-724x1024.jpg 724w, https:\/\/lepoussinmasque.bzh\/wp-content\/uploads\/2026\/04\/Diner1-212x300.jpg 212w, https:\/\/lepoussinmasque.bzh\/wp-content\/uploads\/2026\/04\/Diner1-768x1086.jpg 768w, https:\/\/lepoussinmasque.bzh\/wp-content\/uploads\/2026\/04\/Diner1-1086x1536.jpg 1086w, https:\/\/lepoussinmasque.bzh\/wp-content\/uploads\/2026\/04\/Diner1-1200x1697.jpg 1200w, https:\/\/lepoussinmasque.bzh\/wp-content\/uploads\/2026\/04\/Diner1-780x1103.jpg 780w, https:\/\/lepoussinmasque.bzh\/wp-content\/uploads\/2026\/04\/Diner1-600x849.jpg 600w, https:\/\/lepoussinmasque.bzh\/wp-content\/uploads\/2026\/04\/Diner1-550x778.jpg 550w, https:\/\/lepoussinmasque.bzh\/wp-content\/uploads\/2026\/04\/Diner1-370x523.jpg 370w, https:\/\/lepoussinmasque.bzh\/wp-content\/uploads\/2026\/04\/Diner1-255x361.jpg 255w, https:\/\/lepoussinmasque.bzh\/wp-content\/uploads\/2026\/04\/Diner1.jpg 1414w\" sizes=\"255px\" data-loftocean-lazy-load-sizes=\"(max-width: 724px) 100vw, 724px\" data-loftocean-loading-image=\"on\" \/>\t\t\t\t\t\t\t\t\t\t\t\t\t\t\t<\/div>\n\t\t\t\t<\/div>\n\t\t\t\t\t<\/div>\n\t\t\t\t<\/div>\n\t\t\t\t<\/div>\n\t\t","protected":false},"excerpt":{"rendered":"<p>Le Poussin Masqu\u00e9 est un restaurant-salon de th\u00e9-p\u00e2tisserie nich\u00e9 au c\u0153ur de Vannes, au 13 rue des Halles.On y cuisine du march\u00e9, du vrai, du fait maison, \u00e0 partir de produits bruts et locaux autant que possible (avec un soup\u00e7on de magie et trois miettes d\u2019imaginaire). Ouvert du jeudi au dimanche, on y sert \u00e0 manger sur place du petit-d\u00e9jeuner, jusqu\u2019\u00e0 l\u2019apr\u00e8s-midi en passant par le menu du d\u00e9jeuner ainsi que le d\u00eener le Samedi soir. Plats originaux, p\u00e2tisseries toutes fra\u00eeches, boissons joyeuses, et un brunch 2 Dimanche par mois (selon la m\u00e9t\u00e9o familiale et les vents de la ville). Les Menus du d\u00e9jeuner (27\u20ac pour entr\u00e9e+plat+dessert) et du d\u00eener (42\u20ac pour entr\u00e9e+plat+dessert) changent chaque jour en fonction de l&rsquo;inspiration de David, de la saison, des produits disponibles&#8230;)<\/p>\n","protected":false},"author":1,"featured_media":0,"parent":0,"menu_order":0,"comment_status":"closed","ping_status":"closed","template":"","meta":{"tinysalt_hide_before_page_content_ad":"","tinysalt_hide_after_page_content_ad":"","tinysalt_hide_page_header":"","tinysalt_advanced_classname":"","tinysalt_page_featured_media_position":"","tinysalt_single_site_header_source":"","tinysalt_single_custom_site_header":"0","tinysalt_single_custom_sticky_site_header":"0","tinysalt_single_custom_sticky_site_header_style":"sticky-scroll-up","tinysalt_single_site_footer_source":"","tinysalt_single_custom_site_footer":"0","footnotes":""},"class_list":["post-22","page","type-page","status-publish","hentry"],"_links":{"self":[{"href":"https:\/\/lepoussinmasque.bzh\/index.php\/wp-json\/wp\/v2\/pages\/22","targetHints":{"allow":["GET"]}}],"collection":[{"href":"https:\/\/lepoussinmasque.bzh\/index.php\/wp-json\/wp\/v2\/pages"}],"about":[{"href":"https:\/\/lepoussinmasque.bzh\/index.php\/wp-json\/wp\/v2\/types\/page"}],"author":[{"embeddable":true,"href":"https:\/\/lepoussinmasque.bzh\/index.php\/wp-json\/wp\/v2\/users\/1"}],"replies":[{"embeddable":true,"href":"https:\/\/lepoussinmasque.bzh\/index.php\/wp-json\/wp\/v2\/comments?post=22"}],"version-history":[{"count":33,"href":"https:\/\/lepoussinmasque.bzh\/index.php\/wp-json\/wp\/v2\/pages\/22\/revisions"}],"predecessor-version":[{"id":853,"href":"https:\/\/lepoussinmasque.bzh\/index.php\/wp-json\/wp\/v2\/pages\/22\/revisions\/853"}],"wp:attachment":[{"href":"https:\/\/lepoussinmasque.bzh\/index.php\/wp-json\/wp\/v2\/media?parent=22"}],"curies":[{"name":"wp","href":"https:\/\/api.w.org\/{rel}","templated":true}]}}