{"id":23,"date":"2025-06-02T21:16:06","date_gmt":"2025-06-02T19:16:06","guid":{"rendered":"http:\/\/lepoussinmasque.bzh\/?page_id=23"},"modified":"2025-09-06T12:00:12","modified_gmt":"2025-09-06T10:00:12","slug":"le-salon-de-the","status":"publish","type":"page","link":"https:\/\/lepoussinmasque.bzh\/index.php\/le-salon-de-the\/","title":{"rendered":"Le salon de th\u00e9"},"content":{"rendered":"<p><img fetchpriority=\"high\" decoding=\"async\" width=\"683\" height=\"1024\" src=\"http:\/\/lepoussinmasque.bzh\/wp-content\/uploads\/2025\/06\/TAN4686-683x1024.jpg\" alt=\"\" srcset=\"https:\/\/lepoussinmasque.bzh\/wp-content\/uploads\/2025\/06\/TAN4686-683x1024.jpg 683w, https:\/\/lepoussinmasque.bzh\/wp-content\/uploads\/2025\/06\/TAN4686-200x300.jpg 200w, https:\/\/lepoussinmasque.bzh\/wp-content\/uploads\/2025\/06\/TAN4686-768x1152.jpg 768w, https:\/\/lepoussinmasque.bzh\/wp-content\/uploads\/2025\/06\/TAN4686-1024x1536.jpg 1024w, https:\/\/lepoussinmasque.bzh\/wp-content\/uploads\/2025\/06\/TAN4686-1365x2048.jpg 1365w, https:\/\/lepoussinmasque.bzh\/wp-content\/uploads\/2025\/06\/TAN4686-1920x2880.jpg 1920w, https:\/\/lepoussinmasque.bzh\/wp-content\/uploads\/2025\/06\/TAN4686-1440x2160.jpg 1440w, https:\/\/lepoussinmasque.bzh\/wp-content\/uploads\/2025\/06\/TAN4686-1200x1800.jpg 1200w, https:\/\/lepoussinmasque.bzh\/wp-content\/uploads\/2025\/06\/TAN4686-780x1170.jpg 780w, https:\/\/lepoussinmasque.bzh\/wp-content\/uploads\/2025\/06\/TAN4686-600x900.jpg 600w, https:\/\/lepoussinmasque.bzh\/wp-content\/uploads\/2025\/06\/TAN4686-550x825.jpg 550w, https:\/\/lepoussinmasque.bzh\/wp-content\/uploads\/2025\/06\/TAN4686-370x555.jpg 370w, https:\/\/lepoussinmasque.bzh\/wp-content\/uploads\/2025\/06\/TAN4686-255x383.jpg 255w, https:\/\/lepoussinmasque.bzh\/wp-content\/uploads\/2025\/06\/TAN4686-scaled.jpg 1706w\" sizes=\"(max-width: 683px) 100vw, 683px\" \/>\t\t\t\t\t\t\t\t\t\t\t\t\t\t\t<\/p>\n<p data-start=\"192\" data-end=\"735\"><strong data-start=\"194\" data-end=\"383\">Le salon de th\u00e9 du Poussin Masqu\u00e9, c\u2019est un nid douillet o\u00f9 l\u2019on vient se poser pour un petit d\u00e9jeuner, une pause sucr\u00e9e, une boisson chaude ou glac\u00e9e ou un go\u00fbter.<\/strong><br data-start=\"383\" data-end=\"386\" \/>Sur place, on s\u2019installe tranquillement pour d\u00e9guster nos p\u00e2tisseries maison, toutes faites avec amour (et un peu de beurre).<br data-start=\"528\" data-end=\"531\" \/>\u00c0 emporter, c\u2019est le panier des merveilles : tartes, biscuits, g\u00e2teaux du jour, boissons chaudes ou fra\u00eeches \u2013 pour les gourmands press\u00e9s, les voisins du coin, ou les becs sucr\u00e9s.<\/p>\n<p data-start=\"737\" data-end=\"896\">Ici, tout est fait maison, du biscuit au chocolat chaud. Et si tu repars avec un g\u00e2teau sous le bras, on ne te juge pas \ud83d\ude09<\/p>\n","protected":false},"excerpt":{"rendered":"<p>Le salon de th\u00e9 du Poussin Masqu\u00e9, c\u2019est un nid douillet o\u00f9 l\u2019on vient se poser pour un petit d\u00e9jeuner, une pause sucr\u00e9e, une boisson chaude ou glac\u00e9e ou un go\u00fbter.Sur place, on s\u2019installe tranquillement pour d\u00e9guster nos p\u00e2tisseries maison, toutes faites avec amour (et un peu de beurre).\u00c0 emporter, c\u2019est le panier des merveilles : tartes, biscuits, g\u00e2teaux du jour, boissons chaudes ou fra\u00eeches \u2013 pour les gourmands press\u00e9s, les voisins du coin, ou les becs sucr\u00e9s. Ici, tout est fait maison, du biscuit au chocolat chaud. Et si tu repars avec un g\u00e2teau sous le bras, on ne te juge pas \ud83d\ude09<\/p>\n","protected":false},"author":1,"featured_media":0,"parent":0,"menu_order":0,"comment_status":"closed","ping_status":"closed","template":"","meta":{"tinysalt_hide_before_page_content_ad":"","tinysalt_hide_after_page_content_ad":"","tinysalt_hide_page_header":"","tinysalt_advanced_classname":"","tinysalt_page_featured_media_position":"","tinysalt_single_site_header_source":"","tinysalt_single_custom_site_header":"0","tinysalt_single_custom_sticky_site_header":"0","tinysalt_single_custom_sticky_site_header_style":"sticky-scroll-up","tinysalt_single_site_footer_source":"","tinysalt_single_custom_site_footer":"0","footnotes":""},"class_list":["post-23","page","type-page","status-publish","hentry"],"_links":{"self":[{"href":"https:\/\/lepoussinmasque.bzh\/index.php\/wp-json\/wp\/v2\/pages\/23","targetHints":{"allow":["GET"]}}],"collection":[{"href":"https:\/\/lepoussinmasque.bzh\/index.php\/wp-json\/wp\/v2\/pages"}],"about":[{"href":"https:\/\/lepoussinmasque.bzh\/index.php\/wp-json\/wp\/v2\/types\/page"}],"author":[{"embeddable":true,"href":"https:\/\/lepoussinmasque.bzh\/index.php\/wp-json\/wp\/v2\/users\/1"}],"replies":[{"embeddable":true,"href":"https:\/\/lepoussinmasque.bzh\/index.php\/wp-json\/wp\/v2\/comments?post=23"}],"version-history":[{"count":13,"href":"https:\/\/lepoussinmasque.bzh\/index.php\/wp-json\/wp\/v2\/pages\/23\/revisions"}],"predecessor-version":[{"id":686,"href":"https:\/\/lepoussinmasque.bzh\/index.php\/wp-json\/wp\/v2\/pages\/23\/revisions\/686"}],"wp:attachment":[{"href":"https:\/\/lepoussinmasque.bzh\/index.php\/wp-json\/wp\/v2\/media?parent=23"}],"curies":[{"name":"wp","href":"https:\/\/api.w.org\/{rel}","templated":true}]}}