{"id":43,"date":"2025-06-03T08:24:47","date_gmt":"2025-06-03T06:24:47","guid":{"rendered":"https:\/\/lepoussinmasque.bzh\/?page_id=43"},"modified":"2025-11-06T23:36:32","modified_gmt":"2025-11-06T22:36:32","slug":"accueil","status":"publish","type":"page","link":"https:\/\/lepoussinmasque.bzh\/","title":{"rendered":"Restaurant le poussin masqu\u00e9 \u00e0 Vannes"},"content":{"rendered":"\t\t<div data-elementor-type=\"wp-page\" data-elementor-id=\"43\" class=\"elementor elementor-43\">\n\t\t\t\t\t\t<section class=\"elementor-section elementor-top-section elementor-element elementor-element-27936756 elementor-section-full_width elementor-section-height-default elementor-section-height-default wpr-particle-no wpr-jarallax-no wpr-parallax-no wpr-sticky-section-no\" data-id=\"27936756\" data-element_type=\"section\" data-settings=\"{&quot;background_background&quot;:&quot;classic&quot;}\">\n\t\t\t\t\t\t\t<div class=\"elementor-background-overlay\"><\/div>\n\t\t\t\t\t\t\t<div class=\"elementor-container elementor-column-gap-no\">\n\t\t\t\t\t<div class=\"elementor-column elementor-col-100 elementor-top-column elementor-element elementor-element-64c4671e dark-color\" data-id=\"64c4671e\" data-element_type=\"column\">\n\t\t\t<div class=\"elementor-widget-wrap elementor-element-populated\">\n\t\t\t\t\t\t<div class=\"elementor-element elementor-element-6670590d elementor-widget elementor-widget-heading\" data-id=\"6670590d\" data-element_type=\"widget\" data-widget_type=\"heading.default\">\n\t\t\t\t<div class=\"elementor-widget-container\">\n\t\t\t\t\t<h2 class=\"elementor-heading-title elementor-size-default\">Restaurant et salon de th\u00e9 \u00e0 Vannes<\/h2>\t\t\t\t<\/div>\n\t\t\t\t<\/div>\n\t\t\t\t<div class=\"elementor-element elementor-element-d1401c4 elementor-widget elementor-widget-text-editor\" data-id=\"d1401c4\" data-element_type=\"widget\" data-widget_type=\"text-editor.default\">\n\t\t\t\t<div class=\"elementor-widget-container\">\n\t\t\t\t\t\t\t\t\t<p>D\u00e9couvrez un Restaurant &#8211; Salon de th\u00e9 &#8211; Brunch o\u00f9 tout est fait maison, \u00e0 partir de produits bruts locaux.<\/p>\t\t\t\t\t\t\t\t<\/div>\n\t\t\t\t<\/div>\n\t\t\t\t<div class=\"elementor-element elementor-element-54754c0d elementor-align-center elementor-widget elementor-widget-ts_button\" data-id=\"54754c0d\" data-element_type=\"widget\" data-widget_type=\"ts_button.default\">\n\t\t\t\t<div class=\"elementor-widget-container\">\n\t\t\t\t\t        <a href=\"https:\/\/lepoussinmasque.bzh\/index.php\/contact\/\" class=\"elementor-button-link button ts-btn-solid ts-btn-pill\" role=\"button\">\n            <span class=\"ts-btn-text\">RESERVER OU COMMANDER<\/span>\n        <\/a>\t\t\t\t<\/div>\n\t\t\t\t<\/div>\n\t\t\t\t\t<\/div>\n\t\t<\/div>\n\t\t\t\t\t<\/div>\n\t\t<\/section>\n\t\t<section class=\"elementor-element elementor-element-0931917 e-grid e-con-boxed wpr-particle-no wpr-jarallax-no wpr-parallax-no wpr-sticky-section-no e-con e-parent\" data-id=\"0931917\" data-element_type=\"container\">\n\t\t\t\t\t<div class=\"e-con-inner\">\n\t\t\t\t<div class=\"elementor-element elementor-element-9a2f29b elementor-widget elementor-widget-ts_promo_blocks\" data-id=\"9a2f29b\" data-element_type=\"widget\" data-widget_type=\"ts_promo_blocks.default\">\n\t\t\t\t<div class=\"elementor-widget-container\">\n\t\t\t\t\t                <div class=\"promo-block\">\t\t\t\t\t<div class=\"promo-block-img\" style=\"background-image: url(https:\/\/lepoussinmasque.bzh\/wp-content\/uploads\/2025\/06\/TAN5058-scaled-e1749669794810-600x664.jpg);\" data-loftocean-image=\"1\" data-loftocean-normal-image=\"https:\/\/lepoussinmasque.bzh\/wp-content\/uploads\/2025\/06\/TAN5058-scaled-e1749669794810-600x664.jpg\" data-loftocean-retina-image=\"https:\/\/lepoussinmasque.bzh\/wp-content\/uploads\/2025\/06\/TAN5058-scaled-e1749669794810-1200x1328.jpg\" ><\/div> \t\t\t\t\t\t<div class=\"promo-block-text\">\n\t\t\t\t\t\t\t<span >Le restaurant<\/span>\n\t\t\t\t\t\t<\/div>\t\t\t\t\t\t<a class=\"promo-block-link\" href=\"http:\/\/lepoussinmasque.bzh\/index.php\/le-restaurant\/\"><\/a>\t\t\t\t<\/div>                <div class=\"promo-block\">\t\t\t\t\t<div class=\"promo-block-img\" style=\"background-image: url(https:\/\/lepoussinmasque.bzh\/wp-content\/uploads\/2025\/06\/TAN4686-600x900.jpg);\" data-loftocean-image=\"1\" data-loftocean-normal-image=\"https:\/\/lepoussinmasque.bzh\/wp-content\/uploads\/2025\/06\/TAN4686-600x900.jpg\" data-loftocean-retina-image=\"https:\/\/lepoussinmasque.bzh\/wp-content\/uploads\/2025\/06\/TAN4686-1200x1800.jpg\" ><\/div> \t\t\t\t\t\t<div class=\"promo-block-text\">\n\t\t\t\t\t\t\t<span >Le salon de th\u00e9<\/span>\n\t\t\t\t\t\t<\/div>\t\t\t\t\t\t<a class=\"promo-block-link\" href=\"http:\/\/lepoussinmasque.bzh\/index.php\/le-salon-de-the\/\"><\/a>\t\t\t\t<\/div>                <div class=\"promo-block\">\t\t\t\t\t<div class=\"promo-block-img\" style=\"background-image: url(https:\/\/lepoussinmasque.bzh\/wp-content\/uploads\/2025\/06\/TAN5058-scaled-e1749669794810-600x664.jpg);\" data-loftocean-image=\"1\" data-loftocean-normal-image=\"https:\/\/lepoussinmasque.bzh\/wp-content\/uploads\/2025\/06\/TAN5058-scaled-e1749669794810-600x664.jpg\" data-loftocean-retina-image=\"https:\/\/lepoussinmasque.bzh\/wp-content\/uploads\/2025\/06\/TAN5058-scaled-e1749669794810-1200x1328.jpg\" ><\/div> \t\t\t\t\t\t<div class=\"promo-block-text\">\n\t\t\t\t\t\t\t<span >Brunch<\/span>\n\t\t\t\t\t\t<\/div>\t\t\t\t\t\t<a class=\"promo-block-link\" href=\"https:\/\/lepoussinmasque.bzh\/index.php\/brunch\/\"><\/a>\t\t\t\t<\/div>\t\t\t\t<\/div>\n\t\t\t\t<\/div>\n\t\t\t\t\t<\/div>\n\t\t\t\t<\/section>\n\t\t\t\t<section class=\"elementor-section elementor-top-section elementor-element elementor-element-667bfd0e elementor-section-boxed elementor-section-height-default elementor-section-height-default wpr-particle-no wpr-jarallax-no wpr-parallax-no wpr-sticky-section-no\" data-id=\"667bfd0e\" data-element_type=\"section\">\n\t\t\t\t\t\t<div class=\"elementor-container elementor-column-gap-no\">\n\t\t\t\t\t<div class=\"elementor-column elementor-col-100 elementor-top-column elementor-element elementor-element-3decfd19\" data-id=\"3decfd19\" data-element_type=\"column\">\n\t\t\t<div class=\"elementor-widget-wrap elementor-element-populated\">\n\t\t\t\t\t\t<div class=\"elementor-element elementor-element-3ee18f49 elementor-widget elementor-widget-heading\" data-id=\"3ee18f49\" data-element_type=\"widget\" data-widget_type=\"heading.default\">\n\t\t\t\t<div class=\"elementor-widget-container\">\n\t\t\t\t\t<h5 class=\"elementor-heading-title elementor-size-default\">Ne ratez aucun post!<\/h5>\t\t\t\t<\/div>\n\t\t\t\t<\/div>\n\t\t\t\t<div class=\"elementor-element elementor-element-abbc13b elementor-widget elementor-widget-ts_instagram\" data-id=\"abbc13b\" data-element_type=\"widget\" data-widget_type=\"ts_instagram.default\">\n\t\t\t\t<div class=\"elementor-widget-container\">\n\t\t\t\t\t\n        <div class=\"ts-instagram column-6\">        <\/div>\t\t\t\t<\/div>\n\t\t\t\t<\/div>\n\t\t\t\t\t<\/div>\n\t\t<\/div>\n\t\t\t\t\t<\/div>\n\t\t<\/section>\n\t\t\t\t<section class=\"elementor-section elementor-top-section elementor-element elementor-element-44c031b elementor-section-boxed elementor-section-height-default elementor-section-height-default wpr-particle-no wpr-jarallax-no wpr-parallax-no wpr-sticky-section-no\" data-id=\"44c031b\" data-element_type=\"section\">\n\t\t\t\t\t\t<div class=\"elementor-container elementor-column-gap-no\">\n\t\t\t\t\t<div class=\"elementor-column elementor-col-100 elementor-top-column elementor-element elementor-element-d872a76\" data-id=\"d872a76\" data-element_type=\"column\">\n\t\t\t<div class=\"elementor-widget-wrap elementor-element-populated\">\n\t\t\t\t\t\t<div class=\"elementor-element elementor-element-28bdb77 elementor-widget elementor-widget-heading\" data-id=\"28bdb77\" data-element_type=\"widget\" data-widget_type=\"heading.default\">\n\t\t\t\t<div class=\"elementor-widget-container\">\n\t\t\t\t\t<h5 class=\"elementor-heading-title elementor-size-default\">Nos derni\u00e8res cr\u00e9ations!<\/h5>\t\t\t\t<\/div>\n\t\t\t\t<\/div>\n\t\t\t\t<div class=\"elementor-element elementor-element-3640312 elementor-widget elementor-widget-ts_gallery\" data-id=\"3640312\" data-element_type=\"widget\" data-widget_type=\"ts_gallery.default\">\n\t\t\t\t<div class=\"elementor-widget-container\">\n\t\t\t\t\t<div class=\"post-content-gallery gallery-justified\" data-row-height=\"120\" data-last-row=\"justify\" data-margin=\"2\" data-gallery-id=\"loftocean-gallery-1\"><div class=\"image-gallery\"><div class=\"gallery-item\"><img decoding=\"async\" src=\"https:\/\/lepoussinmasque.bzh\/wp-content\/uploads\/2025\/06\/TAN2193-1200x800.jpg\" data-no-lazy=\"1\" class=\"skip-lazy\" alt=\"_TAN2193\" srcset=\"https:\/\/lepoussinmasque.bzh\/wp-content\/uploads\/2025\/06\/TAN2193-1200x800.jpg 1200w, https:\/\/lepoussinmasque.bzh\/wp-content\/uploads\/2025\/06\/TAN2193-300x200.jpg 300w, https:\/\/lepoussinmasque.bzh\/wp-content\/uploads\/2025\/06\/TAN2193-1024x683.jpg 1024w, https:\/\/lepoussinmasque.bzh\/wp-content\/uploads\/2025\/06\/TAN2193-768x512.jpg 768w, https:\/\/lepoussinmasque.bzh\/wp-content\/uploads\/2025\/06\/TAN2193-1536x1024.jpg 1536w, https:\/\/lepoussinmasque.bzh\/wp-content\/uploads\/2025\/06\/TAN2193-2048x1365.jpg 2048w, https:\/\/lepoussinmasque.bzh\/wp-content\/uploads\/2025\/06\/TAN2193-1920x1280.jpg 1920w, https:\/\/lepoussinmasque.bzh\/wp-content\/uploads\/2025\/06\/TAN2193-1440x960.jpg 1440w, https:\/\/lepoussinmasque.bzh\/wp-content\/uploads\/2025\/06\/TAN2193-780x520.jpg 780w, https:\/\/lepoussinmasque.bzh\/wp-content\/uploads\/2025\/06\/TAN2193-600x400.jpg 600w, https:\/\/lepoussinmasque.bzh\/wp-content\/uploads\/2025\/06\/TAN2193-550x367.jpg 550w, https:\/\/lepoussinmasque.bzh\/wp-content\/uploads\/2025\/06\/TAN2193-370x247.jpg 370w, https:\/\/lepoussinmasque.bzh\/wp-content\/uploads\/2025\/06\/TAN2193-255x170.jpg 255w\" sizes=\"(max-width: 1200px) 100vw, 1200px\" \/><\/div><div class=\"gallery-item\"><img decoding=\"async\" src=\"https:\/\/lepoussinmasque.bzh\/wp-content\/uploads\/2025\/08\/TAN4657-1200x1800.jpg\" data-no-lazy=\"1\" class=\"skip-lazy\" alt=\"Le restaurant\" srcset=\"https:\/\/lepoussinmasque.bzh\/wp-content\/uploads\/2025\/08\/TAN4657-1200x1800.jpg 1200w, https:\/\/lepoussinmasque.bzh\/wp-content\/uploads\/2025\/08\/TAN4657-200x300.jpg 200w, https:\/\/lepoussinmasque.bzh\/wp-content\/uploads\/2025\/08\/TAN4657-683x1024.jpg 683w, https:\/\/lepoussinmasque.bzh\/wp-content\/uploads\/2025\/08\/TAN4657-768x1152.jpg 768w, https:\/\/lepoussinmasque.bzh\/wp-content\/uploads\/2025\/08\/TAN4657-1024x1536.jpg 1024w, https:\/\/lepoussinmasque.bzh\/wp-content\/uploads\/2025\/08\/TAN4657-1365x2048.jpg 1365w, https:\/\/lepoussinmasque.bzh\/wp-content\/uploads\/2025\/08\/TAN4657-1920x2880.jpg 1920w, https:\/\/lepoussinmasque.bzh\/wp-content\/uploads\/2025\/08\/TAN4657-1440x2160.jpg 1440w, https:\/\/lepoussinmasque.bzh\/wp-content\/uploads\/2025\/08\/TAN4657-780x1170.jpg 780w, https:\/\/lepoussinmasque.bzh\/wp-content\/uploads\/2025\/08\/TAN4657-600x900.jpg 600w, https:\/\/lepoussinmasque.bzh\/wp-content\/uploads\/2025\/08\/TAN4657-550x825.jpg 550w, https:\/\/lepoussinmasque.bzh\/wp-content\/uploads\/2025\/08\/TAN4657-370x555.jpg 370w, https:\/\/lepoussinmasque.bzh\/wp-content\/uploads\/2025\/08\/TAN4657-255x382.jpg 255w, https:\/\/lepoussinmasque.bzh\/wp-content\/uploads\/2025\/08\/TAN4657-scaled.jpg 1707w\" sizes=\"(max-width: 1200px) 100vw, 1200px\" \/><\/div><div class=\"gallery-item\"><img decoding=\"async\" src=\"https:\/\/lepoussinmasque.bzh\/wp-content\/uploads\/2025\/07\/TAN2325-Modifier_1829x1707-1200x1120.jpeg\" data-no-lazy=\"1\" class=\"skip-lazy\" alt=\"A commander\/emporter\" srcset=\"https:\/\/lepoussinmasque.bzh\/wp-content\/uploads\/2025\/07\/TAN2325-Modifier_1829x1707-1200x1120.jpeg 1200w, https:\/\/lepoussinmasque.bzh\/wp-content\/uploads\/2025\/07\/TAN2325-Modifier_1829x1707-300x280.jpeg 300w, https:\/\/lepoussinmasque.bzh\/wp-content\/uploads\/2025\/07\/TAN2325-Modifier_1829x1707-1024x956.jpeg 1024w, https:\/\/lepoussinmasque.bzh\/wp-content\/uploads\/2025\/07\/TAN2325-Modifier_1829x1707-768x717.jpeg 768w, https:\/\/lepoussinmasque.bzh\/wp-content\/uploads\/2025\/07\/TAN2325-Modifier_1829x1707-1536x1434.jpeg 1536w, https:\/\/lepoussinmasque.bzh\/wp-content\/uploads\/2025\/07\/TAN2325-Modifier_1829x1707-1440x1344.jpeg 1440w, https:\/\/lepoussinmasque.bzh\/wp-content\/uploads\/2025\/07\/TAN2325-Modifier_1829x1707-780x728.jpeg 780w, https:\/\/lepoussinmasque.bzh\/wp-content\/uploads\/2025\/07\/TAN2325-Modifier_1829x1707-600x560.jpeg 600w, https:\/\/lepoussinmasque.bzh\/wp-content\/uploads\/2025\/07\/TAN2325-Modifier_1829x1707-550x513.jpeg 550w, https:\/\/lepoussinmasque.bzh\/wp-content\/uploads\/2025\/07\/TAN2325-Modifier_1829x1707-370x345.jpeg 370w, https:\/\/lepoussinmasque.bzh\/wp-content\/uploads\/2025\/07\/TAN2325-Modifier_1829x1707-255x238.jpeg 255w, https:\/\/lepoussinmasque.bzh\/wp-content\/uploads\/2025\/07\/TAN2325-Modifier_1829x1707.jpeg 1829w\" sizes=\"(max-width: 1200px) 100vw, 1200px\" \/><\/div><\/div><\/div>\t\t\t\t<\/div>\n\t\t\t\t<\/div>\n\t\t\t\t\t<\/div>\n\t\t<\/div>\n\t\t\t\t\t<\/div>\n\t\t<\/section>\n\t\t\t\t<\/div>\n\t\t","protected":false},"excerpt":{"rendered":"<p>Restaurant et salon de th\u00e9 \u00e0 Vannes D\u00e9couvrez un Restaurant &#8211; Salon de th\u00e9 &#8211; Brunch o\u00f9 tout est fait maison, \u00e0 partir de produits bruts locaux. RESERVER OU COMMANDER Le restaurant Le salon de th\u00e9 Brunch Ne ratez aucun post! Nos derni\u00e8res cr\u00e9ations!<\/p>\n","protected":false},"author":1,"featured_media":0,"parent":0,"menu_order":0,"comment_status":"closed","ping_status":"closed","template":"elementor_header_footer","meta":{"tinysalt_hide_before_page_content_ad":"","tinysalt_hide_after_page_content_ad":"","tinysalt_hide_page_header":"","tinysalt_advanced_classname":"","tinysalt_page_featured_media_position":"","tinysalt_single_site_header_source":"","tinysalt_single_custom_site_header":"0","tinysalt_single_custom_sticky_site_header":"0","tinysalt_single_custom_sticky_site_header_style":"sticky-scroll-up","tinysalt_single_site_footer_source":"","tinysalt_single_custom_site_footer":"0","footnotes":""},"class_list":["post-43","page","type-page","status-publish","hentry"],"_links":{"self":[{"href":"https:\/\/lepoussinmasque.bzh\/index.php\/wp-json\/wp\/v2\/pages\/43","targetHints":{"allow":["GET"]}}],"collection":[{"href":"https:\/\/lepoussinmasque.bzh\/index.php\/wp-json\/wp\/v2\/pages"}],"about":[{"href":"https:\/\/lepoussinmasque.bzh\/index.php\/wp-json\/wp\/v2\/types\/page"}],"author":[{"embeddable":true,"href":"https:\/\/lepoussinmasque.bzh\/index.php\/wp-json\/wp\/v2\/users\/1"}],"replies":[{"embeddable":true,"href":"https:\/\/lepoussinmasque.bzh\/index.php\/wp-json\/wp\/v2\/comments?post=43"}],"version-history":[{"count":66,"href":"https:\/\/lepoussinmasque.bzh\/index.php\/wp-json\/wp\/v2\/pages\/43\/revisions"}],"predecessor-version":[{"id":761,"href":"https:\/\/lepoussinmasque.bzh\/index.php\/wp-json\/wp\/v2\/pages\/43\/revisions\/761"}],"wp:attachment":[{"href":"https:\/\/lepoussinmasque.bzh\/index.php\/wp-json\/wp\/v2\/media?parent=43"}],"curies":[{"name":"wp","href":"https:\/\/api.w.org\/{rel}","templated":true}]}}