{"id":440,"date":"2025-08-04T16:42:43","date_gmt":"2025-08-04T14:42:43","guid":{"rendered":"https:\/\/lepoussinmasque.bzh\/?page_id=440"},"modified":"2025-09-09T19:12:02","modified_gmt":"2025-09-09T17:12:02","slug":"cake-au-citron","status":"publish","type":"page","link":"https:\/\/lepoussinmasque.bzh\/index.php\/cake-au-citron\/","title":{"rendered":"Cake au citron"},"content":{"rendered":"\t\t<div data-elementor-type=\"wp-page\" data-elementor-id=\"440\" class=\"elementor elementor-440\">\n\t\t\t\t<div class=\"elementor-element elementor-element-e059377 e-flex e-con-boxed wpr-particle-no wpr-jarallax-no wpr-parallax-no wpr-sticky-section-no e-con e-parent\" data-id=\"e059377\" data-element_type=\"container\">\n\t\t\t\t\t<div class=\"e-con-inner\">\n\t\t<div class=\"elementor-element elementor-element-64fbb46 e-con-full e-flex wpr-particle-no wpr-jarallax-no wpr-parallax-no wpr-sticky-section-no e-con e-child\" data-id=\"64fbb46\" data-element_type=\"container\">\n\t\t\t\t<div class=\"elementor-element elementor-element-d7ec1ef elementor-widget elementor-widget-image\" data-id=\"d7ec1ef\" data-element_type=\"widget\" data-widget_type=\"image.default\">\n\t\t\t\t<div class=\"elementor-widget-container\">\n\t\t\t\t\t\t\t\t\t\t\t\t\t\t\t<img fetchpriority=\"high\" decoding=\"async\" width=\"1024\" height=\"735\" src=\"https:\/\/lepoussinmasque.bzh\/wp-content\/uploads\/2025\/07\/TAN2435-scaled-e1754318481708-1024x735.jpg\" class=\"attachment-large size-large wp-image-296\" alt=\"\" srcset=\"https:\/\/lepoussinmasque.bzh\/wp-content\/uploads\/2025\/07\/TAN2435-scaled-e1754318481708-1024x735.jpg 1024w, https:\/\/lepoussinmasque.bzh\/wp-content\/uploads\/2025\/07\/TAN2435-scaled-e1754318481708-300x215.jpg 300w, https:\/\/lepoussinmasque.bzh\/wp-content\/uploads\/2025\/07\/TAN2435-scaled-e1754318481708-768x551.jpg 768w, https:\/\/lepoussinmasque.bzh\/wp-content\/uploads\/2025\/07\/TAN2435-scaled-e1754318481708-1536x1102.jpg 1536w, https:\/\/lepoussinmasque.bzh\/wp-content\/uploads\/2025\/07\/TAN2435-scaled-e1754318481708-1440x1033.jpg 1440w, https:\/\/lepoussinmasque.bzh\/wp-content\/uploads\/2025\/07\/TAN2435-scaled-e1754318481708-1200x861.jpg 1200w, https:\/\/lepoussinmasque.bzh\/wp-content\/uploads\/2025\/07\/TAN2435-scaled-e1754318481708-780x560.jpg 780w, https:\/\/lepoussinmasque.bzh\/wp-content\/uploads\/2025\/07\/TAN2435-scaled-e1754318481708-600x431.jpg 600w, https:\/\/lepoussinmasque.bzh\/wp-content\/uploads\/2025\/07\/TAN2435-scaled-e1754318481708-550x395.jpg 550w, https:\/\/lepoussinmasque.bzh\/wp-content\/uploads\/2025\/07\/TAN2435-scaled-e1754318481708-370x266.jpg 370w, https:\/\/lepoussinmasque.bzh\/wp-content\/uploads\/2025\/07\/TAN2435-scaled-e1754318481708-255x183.jpg 255w, https:\/\/lepoussinmasque.bzh\/wp-content\/uploads\/2025\/07\/TAN2435-scaled-e1754318481708.jpg 1707w\" sizes=\"255px\" data-loftocean-lazy-load-sizes=\"(max-width: 1024px) 100vw, 1024px\" data-loftocean-loading-image=\"on\" \/>\t\t\t\t\t\t\t\t\t\t\t\t\t\t\t<\/div>\n\t\t\t\t<\/div>\n\t\t\t\t<\/div>\n\t\t<div class=\"elementor-element elementor-element-019a69a e-con-full e-flex wpr-particle-no wpr-jarallax-no wpr-parallax-no wpr-sticky-section-no e-con e-child\" data-id=\"019a69a\" data-element_type=\"container\">\n\t\t\t\t<div class=\"elementor-element elementor-element-c8afc25 elementor-widget elementor-widget-text-editor\" data-id=\"c8afc25\" data-element_type=\"widget\" data-widget_type=\"text-editor.default\">\n\t\t\t\t<div class=\"elementor-widget-container\">\n\t\t\t\t\t\t\t\t\t<p>G\u00e2teau de voyage. Cake au citron moelleux, enrob\u00e9 d&rsquo;un gla\u00e7age au citron.<\/p>\t\t\t\t\t\t\t\t<\/div>\n\t\t\t\t<\/div>\n\t\t\t\t<div class=\"elementor-element elementor-element-727f30d elementor-widget elementor-widget-text-editor\" data-id=\"727f30d\" data-element_type=\"widget\" data-widget_type=\"text-editor.default\">\n\t\t\t\t<div class=\"elementor-widget-container\">\n\t\t\t\t\t\t\t\t\t<p>9,00 \u20ac<\/p>\t\t\t\t\t\t\t\t<\/div>\n\t\t\t\t<\/div>\n\t\t\t\t<div class=\"elementor-element elementor-element-d223536 elementor-widget elementor-widget-text-editor\" data-id=\"d223536\" data-element_type=\"widget\" data-widget_type=\"text-editor.default\">\n\t\t\t\t<div class=\"elementor-widget-container\">\n\t\t\t\t\t\t\t\t\t<p style=\"text-align: left;\"><strong>Composition<\/strong> : <em>Farine, sucre, oeufs, citron<\/em><\/p>\t\t\t\t\t\t\t\t<\/div>\n\t\t\t\t<\/div>\n\t\t\t\t<div class=\"elementor-element elementor-element-c8c5721 elementor-widget elementor-widget-text-editor\" data-id=\"c8c5721\" data-element_type=\"widget\" data-widget_type=\"text-editor.default\">\n\t\t\t\t<div class=\"elementor-widget-container\">\n\t\t\t\t\t\t\t\t\t<p><em>Disponible sous 48h.<\/em><\/p>\t\t\t\t\t\t\t\t<\/div>\n\t\t\t\t<\/div>\n\t\t\t\t<div class=\"elementor-element elementor-element-584f594 elementor-widget elementor-widget-ts_button\" data-id=\"584f594\" data-element_type=\"widget\" data-widget_type=\"ts_button.default\">\n\t\t\t\t<div class=\"elementor-widget-container\">\n\t\t\t\t\t        <a href=\"http:\/\/lepoussinmasque.bzh\/index.php\/contact\/\" target=\"_blank\" class=\"elementor-button-link button\" role=\"button\">\n            <span class=\"ts-btn-text\">Commander<\/span>\n        <\/a>\t\t\t\t<\/div>\n\t\t\t\t<\/div>\n\t\t\t\t<\/div>\n\t\t\t\t\t<\/div>\n\t\t\t\t<\/div>\n\t\t\t\t<\/div>\n\t\t","protected":false},"excerpt":{"rendered":"<p>G\u00e2teau de voyage. Cake au citron moelleux, enrob\u00e9 d&rsquo;un gla\u00e7age au citron. 9,00 \u20ac Composition : Farine, sucre, oeufs, citron Disponible sous 48h. Commander<\/p>\n","protected":false},"author":1,"featured_media":296,"parent":0,"menu_order":0,"comment_status":"closed","ping_status":"closed","template":"","meta":{"tinysalt_hide_before_page_content_ad":"","tinysalt_hide_after_page_content_ad":"","tinysalt_hide_page_header":"","tinysalt_advanced_classname":"","tinysalt_page_featured_media_position":"","tinysalt_single_site_header_source":"","tinysalt_single_custom_site_header":"0","tinysalt_single_custom_sticky_site_header":"0","tinysalt_single_custom_sticky_site_header_style":"sticky-scroll-up","tinysalt_single_site_footer_source":"","tinysalt_single_custom_site_footer":"0","footnotes":""},"class_list":["post-440","page","type-page","status-publish","has-post-thumbnail","hentry"],"_links":{"self":[{"href":"https:\/\/lepoussinmasque.bzh\/index.php\/wp-json\/wp\/v2\/pages\/440","targetHints":{"allow":["GET"]}}],"collection":[{"href":"https:\/\/lepoussinmasque.bzh\/index.php\/wp-json\/wp\/v2\/pages"}],"about":[{"href":"https:\/\/lepoussinmasque.bzh\/index.php\/wp-json\/wp\/v2\/types\/page"}],"author":[{"embeddable":true,"href":"https:\/\/lepoussinmasque.bzh\/index.php\/wp-json\/wp\/v2\/users\/1"}],"replies":[{"embeddable":true,"href":"https:\/\/lepoussinmasque.bzh\/index.php\/wp-json\/wp\/v2\/comments?post=440"}],"version-history":[{"count":11,"href":"https:\/\/lepoussinmasque.bzh\/index.php\/wp-json\/wp\/v2\/pages\/440\/revisions"}],"predecessor-version":[{"id":736,"href":"https:\/\/lepoussinmasque.bzh\/index.php\/wp-json\/wp\/v2\/pages\/440\/revisions\/736"}],"wp:featuredmedia":[{"embeddable":true,"href":"https:\/\/lepoussinmasque.bzh\/index.php\/wp-json\/wp\/v2\/media\/296"}],"wp:attachment":[{"href":"https:\/\/lepoussinmasque.bzh\/index.php\/wp-json\/wp\/v2\/media?parent=440"}],"curies":[{"name":"wp","href":"https:\/\/api.w.org\/{rel}","templated":true}]}}