{"id":454,"date":"2025-08-04T16:55:48","date_gmt":"2025-08-04T14:55:48","guid":{"rendered":"https:\/\/lepoussinmasque.bzh\/?page_id=454"},"modified":"2025-08-28T17:20:01","modified_gmt":"2025-08-28T15:20:01","slug":"tarte-framboise-et-rhubarbe-du-jardin","status":"publish","type":"page","link":"https:\/\/lepoussinmasque.bzh\/index.php\/tarte-framboise-et-rhubarbe-du-jardin\/","title":{"rendered":"Tarte framboise et rhubarbe du jardin"},"content":{"rendered":"\t\t<div data-elementor-type=\"wp-page\" data-elementor-id=\"454\" class=\"elementor elementor-454\">\n\t\t\t\t<div class=\"elementor-element elementor-element-e059377 e-flex e-con-boxed wpr-particle-no wpr-jarallax-no wpr-parallax-no wpr-sticky-section-no e-con e-parent\" data-id=\"e059377\" data-element_type=\"container\">\n\t\t\t\t\t<div class=\"e-con-inner\">\n\t\t<div class=\"elementor-element elementor-element-64fbb46 e-con-full e-flex wpr-particle-no wpr-jarallax-no wpr-parallax-no wpr-sticky-section-no e-con e-child\" data-id=\"64fbb46\" data-element_type=\"container\">\n\t\t\t\t<div class=\"elementor-element elementor-element-d7ec1ef elementor-widget elementor-widget-image\" data-id=\"d7ec1ef\" data-element_type=\"widget\" data-widget_type=\"image.default\">\n\t\t\t\t<div class=\"elementor-widget-container\">\n\t\t\t\t\t\t\t\t\t\t\t\t\t\t\t<img fetchpriority=\"high\" decoding=\"async\" width=\"1024\" height=\"956\" src=\"https:\/\/lepoussinmasque.bzh\/wp-content\/uploads\/2025\/07\/TAN2325-Modifier-1024x956.jpg\" class=\"attachment-large size-large wp-image-256\" alt=\"\" srcset=\"https:\/\/lepoussinmasque.bzh\/wp-content\/uploads\/2025\/07\/TAN2325-Modifier-1024x956.jpg 1024w, https:\/\/lepoussinmasque.bzh\/wp-content\/uploads\/2025\/07\/TAN2325-Modifier-300x280.jpg 300w, https:\/\/lepoussinmasque.bzh\/wp-content\/uploads\/2025\/07\/TAN2325-Modifier-768x717.jpg 768w, https:\/\/lepoussinmasque.bzh\/wp-content\/uploads\/2025\/07\/TAN2325-Modifier-1536x1434.jpg 1536w, https:\/\/lepoussinmasque.bzh\/wp-content\/uploads\/2025\/07\/TAN2325-Modifier-2048x1912.jpg 2048w, https:\/\/lepoussinmasque.bzh\/wp-content\/uploads\/2025\/07\/TAN2325-Modifier-1920x1792.jpg 1920w, https:\/\/lepoussinmasque.bzh\/wp-content\/uploads\/2025\/07\/TAN2325-Modifier-1440x1344.jpg 1440w, https:\/\/lepoussinmasque.bzh\/wp-content\/uploads\/2025\/07\/TAN2325-Modifier-1200x1120.jpg 1200w, https:\/\/lepoussinmasque.bzh\/wp-content\/uploads\/2025\/07\/TAN2325-Modifier-780x728.jpg 780w, https:\/\/lepoussinmasque.bzh\/wp-content\/uploads\/2025\/07\/TAN2325-Modifier-600x560.jpg 600w, https:\/\/lepoussinmasque.bzh\/wp-content\/uploads\/2025\/07\/TAN2325-Modifier-550x513.jpg 550w, https:\/\/lepoussinmasque.bzh\/wp-content\/uploads\/2025\/07\/TAN2325-Modifier-370x345.jpg 370w, https:\/\/lepoussinmasque.bzh\/wp-content\/uploads\/2025\/07\/TAN2325-Modifier-255x238.jpg 255w\" sizes=\"255px\" data-loftocean-lazy-load-sizes=\"(max-width: 1024px) 100vw, 1024px\" data-loftocean-loading-image=\"on\" \/>\t\t\t\t\t\t\t\t\t\t\t\t\t\t\t<\/div>\n\t\t\t\t<\/div>\n\t\t\t\t<\/div>\n\t\t<div class=\"elementor-element elementor-element-019a69a e-con-full e-flex wpr-particle-no wpr-jarallax-no wpr-parallax-no wpr-sticky-section-no e-con e-child\" data-id=\"019a69a\" data-element_type=\"container\">\n\t\t\t\t<div class=\"elementor-element elementor-element-c8afc25 elementor-widget elementor-widget-text-editor\" data-id=\"c8afc25\" data-element_type=\"widget\" data-widget_type=\"text-editor.default\">\n\t\t\t\t<div class=\"elementor-widget-container\">\n\t\t\t\t\t\t\t\t\t<p>P\u00e2te sabl\u00e9e garnie d&rsquo;un biscuit madeleine surmont\u00e9 de fruits frais<\/p>\t\t\t\t\t\t\t\t<\/div>\n\t\t\t\t<\/div>\n\t\t\t\t<div class=\"elementor-element elementor-element-709e84f elementor-widget elementor-widget-text-editor\" data-id=\"709e84f\" data-element_type=\"widget\" data-widget_type=\"text-editor.default\">\n\t\t\t\t<div class=\"elementor-widget-container\">\n\t\t\t\t\t\t\t\t\t<p>Individuel<\/p>\t\t\t\t\t\t\t\t<\/div>\n\t\t\t\t<\/div>\n\t\t\t\t<div class=\"elementor-element elementor-element-727f30d elementor-widget elementor-widget-text-editor\" data-id=\"727f30d\" data-element_type=\"widget\" data-widget_type=\"text-editor.default\">\n\t\t\t\t<div class=\"elementor-widget-container\">\n\t\t\t\t\t\t\t\t\t<p>4,50 \u20ac<\/p>\t\t\t\t\t\t\t\t<\/div>\n\t\t\t\t<\/div>\n\t\t\t\t<div class=\"elementor-element elementor-element-bce2260 elementor-widget elementor-widget-text-editor\" data-id=\"bce2260\" data-element_type=\"widget\" data-widget_type=\"text-editor.default\">\n\t\t\t\t<div class=\"elementor-widget-container\">\n\t\t\t\t\t\t\t\t\t<p>6 personnes<\/p>\t\t\t\t\t\t\t\t<\/div>\n\t\t\t\t<\/div>\n\t\t\t\t<div class=\"elementor-element elementor-element-36f3621 elementor-widget elementor-widget-text-editor\" data-id=\"36f3621\" data-element_type=\"widget\" data-widget_type=\"text-editor.default\">\n\t\t\t\t<div class=\"elementor-widget-container\">\n\t\t\t\t\t\t\t\t\t<p>25 \u20ac<\/p>\t\t\t\t\t\t\t\t<\/div>\n\t\t\t\t<\/div>\n\t\t\t\t<div class=\"elementor-element elementor-element-c8c5721 elementor-widget elementor-widget-text-editor\" data-id=\"c8c5721\" data-element_type=\"widget\" data-widget_type=\"text-editor.default\">\n\t\t\t\t<div class=\"elementor-widget-container\">\n\t\t\t\t\t\t\t\t\t<p><em>Disponible sous 48h.<\/em><\/p>\t\t\t\t\t\t\t\t<\/div>\n\t\t\t\t<\/div>\n\t\t\t\t<div class=\"elementor-element elementor-element-d223536 elementor-widget elementor-widget-text-editor\" data-id=\"d223536\" data-element_type=\"widget\" data-widget_type=\"text-editor.default\">\n\t\t\t\t<div class=\"elementor-widget-container\">\n\t\t\t\t\t\t\t\t\t<p style=\"text-align: left;\"><strong>Composition<\/strong> :<em>Farine, sucre, beurre, oeuf, rhubarbe, framboises<\/em><\/p>\t\t\t\t\t\t\t\t<\/div>\n\t\t\t\t<\/div>\n\t\t\t\t<div class=\"elementor-element elementor-element-584f594 elementor-widget elementor-widget-ts_button\" data-id=\"584f594\" data-element_type=\"widget\" data-widget_type=\"ts_button.default\">\n\t\t\t\t<div class=\"elementor-widget-container\">\n\t\t\t\t\t        <a href=\"http:\/\/lepoussinmasque.bzh\/index.php\/contact\/\" class=\"elementor-button-link button\" role=\"button\">\n            <span class=\"ts-btn-text\">Commander<\/span>\n        <\/a>\t\t\t\t<\/div>\n\t\t\t\t<\/div>\n\t\t\t\t<\/div>\n\t\t\t\t\t<\/div>\n\t\t\t\t<\/div>\n\t\t\t\t<\/div>\n\t\t","protected":false},"excerpt":{"rendered":"<p>P\u00e2te sabl\u00e9e garnie d&rsquo;un biscuit madeleine surmont\u00e9 de fruits frais Individuel 4,50 \u20ac 6 personnes 25 \u20ac Disponible sous 48h. Composition :Farine, sucre, beurre, oeuf, rhubarbe, framboises Commander<\/p>\n","protected":false},"author":1,"featured_media":364,"parent":0,"menu_order":0,"comment_status":"closed","ping_status":"closed","template":"","meta":{"tinysalt_hide_before_page_content_ad":"","tinysalt_hide_after_page_content_ad":"","tinysalt_hide_page_header":"","tinysalt_advanced_classname":"","tinysalt_page_featured_media_position":"","tinysalt_single_site_header_source":"","tinysalt_single_custom_site_header":"0","tinysalt_single_custom_sticky_site_header":"0","tinysalt_single_custom_sticky_site_header_style":"sticky-scroll-up","tinysalt_single_site_footer_source":"","tinysalt_single_custom_site_footer":"0","footnotes":""},"class_list":["post-454","page","type-page","status-publish","has-post-thumbnail","hentry"],"_links":{"self":[{"href":"https:\/\/lepoussinmasque.bzh\/index.php\/wp-json\/wp\/v2\/pages\/454","targetHints":{"allow":["GET"]}}],"collection":[{"href":"https:\/\/lepoussinmasque.bzh\/index.php\/wp-json\/wp\/v2\/pages"}],"about":[{"href":"https:\/\/lepoussinmasque.bzh\/index.php\/wp-json\/wp\/v2\/types\/page"}],"author":[{"embeddable":true,"href":"https:\/\/lepoussinmasque.bzh\/index.php\/wp-json\/wp\/v2\/users\/1"}],"replies":[{"embeddable":true,"href":"https:\/\/lepoussinmasque.bzh\/index.php\/wp-json\/wp\/v2\/comments?post=454"}],"version-history":[{"count":7,"href":"https:\/\/lepoussinmasque.bzh\/index.php\/wp-json\/wp\/v2\/pages\/454\/revisions"}],"predecessor-version":[{"id":638,"href":"https:\/\/lepoussinmasque.bzh\/index.php\/wp-json\/wp\/v2\/pages\/454\/revisions\/638"}],"wp:featuredmedia":[{"embeddable":true,"href":"https:\/\/lepoussinmasque.bzh\/index.php\/wp-json\/wp\/v2\/media\/364"}],"wp:attachment":[{"href":"https:\/\/lepoussinmasque.bzh\/index.php\/wp-json\/wp\/v2\/media?parent=454"}],"curies":[{"name":"wp","href":"https:\/\/api.w.org\/{rel}","templated":true}]}}