{"id":753,"date":"2025-09-18T11:44:33","date_gmt":"2025-09-18T09:44:33","guid":{"rendered":"https:\/\/lepoussinmasque.bzh\/?page_id=753"},"modified":"2025-09-18T11:50:00","modified_gmt":"2025-09-18T09:50:00","slug":"bon-cadeau","status":"publish","type":"page","link":"https:\/\/lepoussinmasque.bzh\/index.php\/bon-cadeau\/","title":{"rendered":"Bon cadeau"},"content":{"rendered":"\t\t<div data-elementor-type=\"wp-page\" data-elementor-id=\"753\" class=\"elementor elementor-753\">\n\t\t\t\t<div class=\"elementor-element elementor-element-878275f e-flex e-con-boxed wpr-particle-no wpr-jarallax-no wpr-parallax-no wpr-sticky-section-no e-con e-parent\" data-id=\"878275f\" data-element_type=\"container\">\n\t\t\t\t\t<div class=\"e-con-inner\">\n\t\t\t\t<div class=\"elementor-element elementor-element-7a21a22 elementor-widget elementor-widget-heading\" data-id=\"7a21a22\" data-element_type=\"widget\" data-widget_type=\"heading.default\">\n\t\t\t\t<div class=\"elementor-widget-container\">\n\t\t\t\t\t<h2 class=\"elementor-heading-title elementor-size-default\">Offrez un moment de d\u00e9tente au poussin masqu\u00e9<\/h2>\t\t\t\t<\/div>\n\t\t\t\t<\/div>\n\t\t\t\t\t<\/div>\n\t\t\t\t<\/div>\n\t\t<div class=\"elementor-element elementor-element-c306224 e-flex e-con-boxed wpr-particle-no wpr-jarallax-no wpr-parallax-no wpr-sticky-section-no e-con e-parent\" data-id=\"c306224\" data-element_type=\"container\">\n\t\t\t\t\t<div class=\"e-con-inner\">\n\t\t<div class=\"elementor-element elementor-element-5a96814 e-con-full e-flex wpr-particle-no wpr-jarallax-no wpr-parallax-no wpr-sticky-section-no e-con e-child\" data-id=\"5a96814\" data-element_type=\"container\">\n\t\t\t\t<div class=\"elementor-element elementor-element-957a083 elementor-widget elementor-widget-image\" data-id=\"957a083\" data-element_type=\"widget\" data-widget_type=\"image.default\">\n\t\t\t\t<div class=\"elementor-widget-container\">\n\t\t\t\t\t\t\t\t\t\t\t\t\t\t\t<img fetchpriority=\"high\" decoding=\"async\" width=\"925\" height=\"1024\" src=\"https:\/\/lepoussinmasque.bzh\/wp-content\/uploads\/2025\/06\/TAN5058-scaled-e1749669794810-925x1024.jpg\" class=\"attachment-large size-large wp-image-125\" alt=\"\" srcset=\"https:\/\/lepoussinmasque.bzh\/wp-content\/uploads\/2025\/06\/TAN5058-scaled-e1749669794810-925x1024.jpg 925w, https:\/\/lepoussinmasque.bzh\/wp-content\/uploads\/2025\/06\/TAN5058-scaled-e1749669794810-271x300.jpg 271w, https:\/\/lepoussinmasque.bzh\/wp-content\/uploads\/2025\/06\/TAN5058-scaled-e1749669794810-768x850.jpg 768w, https:\/\/lepoussinmasque.bzh\/wp-content\/uploads\/2025\/06\/TAN5058-scaled-e1749669794810-1388x1536.jpg 1388w, https:\/\/lepoussinmasque.bzh\/wp-content\/uploads\/2025\/06\/TAN5058-scaled-e1749669794810-1440x1594.jpg 1440w, https:\/\/lepoussinmasque.bzh\/wp-content\/uploads\/2025\/06\/TAN5058-scaled-e1749669794810-1200x1328.jpg 1200w, https:\/\/lepoussinmasque.bzh\/wp-content\/uploads\/2025\/06\/TAN5058-scaled-e1749669794810-780x863.jpg 780w, https:\/\/lepoussinmasque.bzh\/wp-content\/uploads\/2025\/06\/TAN5058-scaled-e1749669794810-600x664.jpg 600w, https:\/\/lepoussinmasque.bzh\/wp-content\/uploads\/2025\/06\/TAN5058-scaled-e1749669794810-550x609.jpg 550w, https:\/\/lepoussinmasque.bzh\/wp-content\/uploads\/2025\/06\/TAN5058-scaled-e1749669794810-370x409.jpg 370w, https:\/\/lepoussinmasque.bzh\/wp-content\/uploads\/2025\/06\/TAN5058-scaled-e1749669794810-255x282.jpg 255w, https:\/\/lepoussinmasque.bzh\/wp-content\/uploads\/2025\/06\/TAN5058-scaled-e1749669794810.jpg 1706w\" sizes=\"255px\" data-loftocean-lazy-load-sizes=\"(max-width: 925px) 100vw, 925px\" data-loftocean-loading-image=\"on\" \/>\t\t\t\t\t\t\t\t\t\t\t\t\t\t\t<\/div>\n\t\t\t\t<\/div>\n\t\t\t\t<\/div>\n\t\t<div class=\"elementor-element elementor-element-c2e77c8 e-con-full e-flex wpr-particle-no wpr-jarallax-no wpr-parallax-no wpr-sticky-section-no e-con e-child\" data-id=\"c2e77c8\" data-element_type=\"container\">\n\t\t\t\t<div class=\"elementor-element elementor-element-5104ef6 elementor-widget elementor-widget-text-editor\" data-id=\"5104ef6\" data-element_type=\"widget\" data-widget_type=\"text-editor.default\">\n\t\t\t\t<div class=\"elementor-widget-container\">\n\t\t\t\t\t\t\t\t\t<p>Pour offrir un bon cadeau, rien de plus simple.<\/p><p>Dans l&rsquo;onglet \u00ab\u00a0contactez-nous\u00a0\u00bb, envoyez nous un message avec les donn\u00e9es suivantes:<\/p><p>&#8211; Ce que vous souhaitez offrir (un montant, un menu d\u00e9jeuner entr\u00e9e+plat+dessert, un brunch, si vous souhaitez ajouter un ap\u00e9ritif et des petites madeleines avec le caf\u00e9 par exemple)<\/p><p>-de la part de &#8230;..<\/p><p>-Pour &#8230;.<\/p><p>Nous vous enverrons alors par mail le bon cadeau correspondant \u00e0 votre demande, imprimable chez vous, accompagn\u00e9 de la proc\u00e9dure pour le paiement.<\/p><p>Si vous avez des questions sur nos tarifs, n&rsquo;h\u00e9sitez pas \u00e0 nous appeler au 09.56.33.20.45.<\/p><p>\u00a0<\/p>\t\t\t\t\t\t\t\t<\/div>\n\t\t\t\t<\/div>\n\t\t\t\t<\/div>\n\t\t\t\t\t<\/div>\n\t\t\t\t<\/div>\n\t\t\t\t<\/div>\n\t\t","protected":false},"excerpt":{"rendered":"<p>Offrez un moment de d\u00e9tente au poussin masqu\u00e9 Pour offrir un bon cadeau, rien de plus simple. Dans l&rsquo;onglet \u00ab\u00a0contactez-nous\u00a0\u00bb, envoyez nous un message avec les donn\u00e9es suivantes: &#8211; Ce que vous souhaitez offrir (un montant, un menu d\u00e9jeuner entr\u00e9e+plat+dessert, un brunch, si vous souhaitez ajouter un ap\u00e9ritif et des petites madeleines avec le caf\u00e9 par exemple) -de la part de &#8230;.. -Pour &#8230;. Nous vous enverrons alors par mail le bon cadeau correspondant \u00e0 votre demande, imprimable chez vous, accompagn\u00e9 de la proc\u00e9dure pour le paiement. Si vous avez des questions sur nos tarifs, n&rsquo;h\u00e9sitez pas \u00e0 nous appeler au 09.56.33.20.45. \u00a0<\/p>\n","protected":false},"author":1,"featured_media":0,"parent":0,"menu_order":0,"comment_status":"closed","ping_status":"closed","template":"","meta":{"tinysalt_hide_before_page_content_ad":"","tinysalt_hide_after_page_content_ad":"","tinysalt_hide_page_header":"","tinysalt_advanced_classname":"","tinysalt_page_featured_media_position":"","tinysalt_single_site_header_source":"","tinysalt_single_custom_site_header":"0","tinysalt_single_custom_sticky_site_header":"0","tinysalt_single_custom_sticky_site_header_style":"sticky-scroll-up","tinysalt_single_site_footer_source":"","tinysalt_single_custom_site_footer":"0","footnotes":""},"class_list":["post-753","page","type-page","status-publish","hentry"],"_links":{"self":[{"href":"https:\/\/lepoussinmasque.bzh\/index.php\/wp-json\/wp\/v2\/pages\/753","targetHints":{"allow":["GET"]}}],"collection":[{"href":"https:\/\/lepoussinmasque.bzh\/index.php\/wp-json\/wp\/v2\/pages"}],"about":[{"href":"https:\/\/lepoussinmasque.bzh\/index.php\/wp-json\/wp\/v2\/types\/page"}],"author":[{"embeddable":true,"href":"https:\/\/lepoussinmasque.bzh\/index.php\/wp-json\/wp\/v2\/users\/1"}],"replies":[{"embeddable":true,"href":"https:\/\/lepoussinmasque.bzh\/index.php\/wp-json\/wp\/v2\/comments?post=753"}],"version-history":[{"count":4,"href":"https:\/\/lepoussinmasque.bzh\/index.php\/wp-json\/wp\/v2\/pages\/753\/revisions"}],"predecessor-version":[{"id":757,"href":"https:\/\/lepoussinmasque.bzh\/index.php\/wp-json\/wp\/v2\/pages\/753\/revisions\/757"}],"wp:attachment":[{"href":"https:\/\/lepoussinmasque.bzh\/index.php\/wp-json\/wp\/v2\/media?parent=753"}],"curies":[{"name":"wp","href":"https:\/\/api.w.org\/{rel}","templated":true}]}}